{"id":1534,"date":"2024-05-09T14:31:16","date_gmt":"2024-05-09T12:31:16","guid":{"rendered":"https:\/\/7cinquante.com\/?page_id=1534"},"modified":"2024-05-09T17:27:37","modified_gmt":"2024-05-09T15:27:37","slug":"nos-produits","status":"publish","type":"page","link":"https:\/\/7cinquante.com\/?page_id=1534","title":{"rendered":"CalpXpert"},"content":{"rendered":"\t\t<div data-elementor-type=\"wp-page\" data-elementor-id=\"1534\" class=\"elementor elementor-1534\">\n\t\t\t\t\t\t<section class=\"elementor-section elementor-top-section elementor-element elementor-element-de9ae21 elementor-section-boxed elementor-section-height-default elementor-section-height-default\" data-id=\"de9ae21\" data-element_type=\"section\">\n\t\t\t\t\t\t<div class=\"elementor-container elementor-column-gap-default\">\n\t\t\t\t\t<div class=\"elementor-column elementor-col-100 elementor-top-column elementor-element elementor-element-2ce77b7\" data-id=\"2ce77b7\" data-element_type=\"column\">\n\t\t\t<div class=\"elementor-widget-wrap elementor-element-populated\">\n\t\t\t\t\t\t<section class=\"elementor-section elementor-inner-section elementor-element elementor-element-ff4812b elementor-section-boxed elementor-section-height-default elementor-section-height-default\" data-id=\"ff4812b\" data-element_type=\"section\">\n\t\t\t\t\t\t<div class=\"elementor-container elementor-column-gap-default\">\n\t\t\t\t\t<div class=\"elementor-column elementor-col-50 elementor-inner-column elementor-element elementor-element-de69ae7\" data-id=\"de69ae7\" data-element_type=\"column\">\n\t\t\t<div class=\"elementor-widget-wrap elementor-element-populated\">\n\t\t\t\t\t\t<div class=\"elementor-element elementor-element-9f2d2fe elementor-widget elementor-widget-image\" data-id=\"9f2d2fe\" data-element_type=\"widget\" data-widget_type=\"image.default\">\n\t\t\t\t<div class=\"elementor-widget-container\">\n\t\t\t\t\t\t\t\t\t\t\t\t\t\t\t<img decoding=\"async\" src=\"https:\/\/7cinquante.com\/wp-content\/uploads\/elementor\/thumbs\/cropped-logo_main_square_fav_ic-pgx4hoiwzudgb2z4zrr3ngr9tsd8nvbl8pfbs7vt0u.png\" title=\"cropped-logo_main_square_fav_ic.png\" alt=\"cropped-logo_main_square_fav_ic.png\" loading=\"lazy\" \/>\t\t\t\t\t\t\t\t\t\t\t\t\t\t\t<\/div>\n\t\t\t\t<\/div>\n\t\t\t\t\t<\/div>\n\t\t<\/div>\n\t\t\t\t<div class=\"elementor-column elementor-col-50 elementor-inner-column elementor-element elementor-element-c25dc24\" data-id=\"c25dc24\" data-element_type=\"column\">\n\t\t\t<div class=\"elementor-widget-wrap elementor-element-populated\">\n\t\t\t\t\t\t<div class=\"elementor-element elementor-element-8e185fb elementor-widget elementor-widget-heading\" data-id=\"8e185fb\" data-element_type=\"widget\" data-widget_type=\"heading.default\">\n\t\t\t\t<div class=\"elementor-widget-container\">\n\t\t\t\t\t<h2 class=\"elementor-heading-title elementor-size-default\">Calp'Xpert par Sept Cinquante<\/h2>\t\t\t\t<\/div>\n\t\t\t\t<\/div>\n\t\t\t\t\t<\/div>\n\t\t<\/div>\n\t\t\t\t\t<\/div>\n\t\t<\/section>\n\t\t\t\t<section class=\"elementor-section elementor-inner-section elementor-element elementor-element-19e1789 elementor-section-boxed elementor-section-height-default elementor-section-height-default\" data-id=\"19e1789\" data-element_type=\"section\">\n\t\t\t\t\t\t<div class=\"elementor-container elementor-column-gap-default\">\n\t\t\t\t\t<div class=\"elementor-column elementor-col-50 elementor-inner-column elementor-element elementor-element-1456b8e\" data-id=\"1456b8e\" data-element_type=\"column\">\n\t\t\t<div class=\"elementor-widget-wrap elementor-element-populated\">\n\t\t\t\t\t\t<div class=\"elementor-element elementor-element-8bba81f elementor-widget elementor-widget-image\" data-id=\"8bba81f\" data-element_type=\"widget\" data-settings=\"{&quot;element_pack_widget_tooltip_text&quot;:&quot;Cliquer sur l&#039;image pour essayer la d\\u00e9monstration \\nGratuitement&quot;,&quot;element_pack_widget_tooltip&quot;:&quot;yes&quot;,&quot;element_pack_widget_tooltip_animation&quot;:&quot;scale&quot;,&quot;element_pack_widget_tooltip_arrow&quot;:&quot;yes&quot;,&quot;element_pack_widget_tooltip_x_offset&quot;:{&quot;unit&quot;:&quot;px&quot;,&quot;size&quot;:&quot;&quot;,&quot;sizes&quot;:[]},&quot;element_pack_widget_tooltip_y_offset&quot;:{&quot;unit&quot;:&quot;px&quot;,&quot;size&quot;:&quot;&quot;,&quot;sizes&quot;:[]}}\" data-widget_type=\"image.default\">\n\t\t\t\t<div class=\"elementor-widget-container\">\n\t\t\t\t\t\t\t\t\t\t\t\t\t\t\t\t<a href=\"https:\/\/calepinage-front.demo-7cinquante.fr\/landing-page#\/login\">\n\t\t\t\t\t\t\t<img fetchpriority=\"high\" decoding=\"async\" width=\"1024\" height=\"486\" src=\"https:\/\/7cinquante.com\/wp-content\/uploads\/2024\/05\/Capture-decran-2024-05-09-a-14.47.54-1024x486.png\" class=\"attachment-large size-large wp-image-1537\" alt=\"Landing page\" srcset=\"https:\/\/7cinquante.com\/wp-content\/uploads\/2024\/05\/Capture-decran-2024-05-09-a-14.47.54-1024x486.png 1024w, https:\/\/7cinquante.com\/wp-content\/uploads\/2024\/05\/Capture-decran-2024-05-09-a-14.47.54-300x142.png 300w, https:\/\/7cinquante.com\/wp-content\/uploads\/2024\/05\/Capture-decran-2024-05-09-a-14.47.54-768x365.png 768w, https:\/\/7cinquante.com\/wp-content\/uploads\/2024\/05\/Capture-decran-2024-05-09-a-14.47.54-1536x729.png 1536w, https:\/\/7cinquante.com\/wp-content\/uploads\/2024\/05\/Capture-decran-2024-05-09-a-14.47.54.png 1812w\" sizes=\"(max-width: 1024px) 100vw, 1024px\" \/>\t\t\t\t\t\t\t\t<\/a>\n\t\t\t\t\t\t\t\t\t\t\t\t\t\t\t<\/div>\n\t\t\t\t<\/div>\n\t\t\t\t\t<\/div>\n\t\t<\/div>\n\t\t\t\t<div class=\"elementor-column elementor-col-50 elementor-inner-column elementor-element elementor-element-1510f34\" data-id=\"1510f34\" data-element_type=\"column\">\n\t\t\t<div class=\"elementor-widget-wrap elementor-element-populated\">\n\t\t\t\t\t\t<div class=\"elementor-element elementor-element-3167c51 elementor-widget elementor-widget-heading\" data-id=\"3167c51\" data-element_type=\"widget\" data-widget_type=\"heading.default\">\n\t\t\t\t<div class=\"elementor-widget-container\">\n\t\t\t\t\t<h6 class=\"elementor-heading-title elementor-size-medium\">Votre expert pour le calepinage<\/h6>\t\t\t\t<\/div>\n\t\t\t\t<\/div>\n\t\t\t\t<div class=\"elementor-element elementor-element-444d110 elementor-widget elementor-widget-text-editor\" data-id=\"444d110\" data-element_type=\"widget\" data-widget_type=\"text-editor.default\">\n\t\t\t\t<div class=\"elementor-widget-container\">\n\t\t\t\t\t\t\t\t\t<p>Transforme le calpinage des regards d\u2019assainissement en une exp\u00e9rience fluide et accessible<\/p>\n<p><span style=\"color: var( --e-global-color-text ); font-family: var( --e-global-typography-text-font-family ), Sans-serif; font-weight: var( --e-global-typography-text-font-weight ); letter-spacing: var(--the7-base-letter-spacing); text-transform: var(--the7-base-text-transform); word-spacing: normal;\">Gagnez du temps, centraliser votre outil de calepinage, calepiner avec votre catalogue.<\/span><\/p>\n<p>Outil collaboratif, pour tous vos collaborateurs.<br>Int\u00e9gration de votre sp\u00e9cificit\u00e9 m\u00e9tier.<br>D\u00e9placer la charge du calepinage vers vos clients avec notre module \u00ab\u00a0Formulaire Client\u00a0\u00bb.<\/p>\t\t\t\t\t\t\t\t<\/div>\n\t\t\t\t<\/div>\n\t\t\t\t\t<\/div>\n\t\t<\/div>\n\t\t\t\t\t<\/div>\n\t\t<\/section>\n\t\t\t\t\t<\/div>\n\t\t<\/div>\n\t\t\t\t\t<\/div>\n\t\t<\/section>\n\t\t\t\t<section class=\"elementor-section elementor-top-section elementor-element elementor-element-b8ac353 elementor-section-boxed elementor-section-height-default elementor-section-height-default\" data-id=\"b8ac353\" data-element_type=\"section\">\n\t\t\t\t\t\t<div class=\"elementor-container elementor-column-gap-default\">\n\t\t\t\t\t<div class=\"elementor-column elementor-col-100 elementor-top-column elementor-element elementor-element-4edf52b\" data-id=\"4edf52b\" data-element_type=\"column\">\n\t\t\t<div class=\"elementor-widget-wrap\">\n\t\t\t\t\t\t\t<\/div>\n\t\t<\/div>\n\t\t\t\t\t<\/div>\n\t\t<\/section>\n\t\t\t\t<section class=\"elementor-section elementor-top-section elementor-element elementor-element-0717f61 elementor-section-boxed elementor-section-height-default elementor-section-height-default\" data-id=\"0717f61\" data-element_type=\"section\">\n\t\t\t\t\t\t<div class=\"elementor-container elementor-column-gap-default\">\n\t\t\t\t\t<div class=\"elementor-column elementor-col-100 elementor-top-column elementor-element elementor-element-94e6646\" data-id=\"94e6646\" data-element_type=\"column\">\n\t\t\t<div class=\"elementor-widget-wrap elementor-element-populated\">\n\t\t\t\t\t\t<div class=\"elementor-element elementor-element-5878705 elementor-widget elementor-widget-video\" data-id=\"5878705\" data-element_type=\"widget\" data-settings=\"{&quot;video_type&quot;:&quot;hosted&quot;,&quot;autoplay&quot;:&quot;yes&quot;,&quot;controls&quot;:&quot;yes&quot;}\" data-widget_type=\"video.default\">\n\t\t\t\t<div class=\"elementor-widget-container\">\n\t\t\t\t\t\t\t<div class=\"e-hosted-video elementor-wrapper elementor-open-inline\">\n\t\t\t\t\t<video class=\"elementor-video\" src=\"https:\/\/landing-page.demo-7cinquante.fr\/calpxpert.mp4\" autoplay=\"\" controls=\"\" controlsList=\"nodownload\"><\/video>\n\t\t\t\t<\/div>\n\t\t\t\t\t\t<\/div>\n\t\t\t\t<\/div>\n\t\t\t\t\t<\/div>\n\t\t<\/div>\n\t\t\t\t\t<\/div>\n\t\t<\/section>\n\t\t\t\t<\/div>\n\t\t","protected":false},"excerpt":{"rendered":"<p>Calp&rsquo;Xpert par Sept Cinquante Votre expert pour le calepinage Transforme le calpinage des regards d\u2019assainissement en une exp\u00e9rience fluide et accessible Gagnez du temps, centraliser votre outil de calepinage, calepiner avec votre catalogue. Outil collaboratif, pour tous vos collaborateurs.Int\u00e9gration de votre sp\u00e9cificit\u00e9 m\u00e9tier.D\u00e9placer la charge du calepinage vers vos clients avec notre module \u00ab\u00a0Formulaire Client\u00a0\u00bb.&hellip;<\/p>\n","protected":false},"author":1,"featured_media":0,"parent":0,"menu_order":0,"comment_status":"closed","ping_status":"closed","template":"","meta":{"_exactmetrics_skip_tracking":false,"_exactmetrics_sitenote_active":false,"_exactmetrics_sitenote_note":"","_exactmetrics_sitenote_category":0,"footnotes":""},"class_list":["post-1534","page","type-page","status-publish","hentry"],"_links":{"self":[{"href":"https:\/\/7cinquante.com\/index.php?rest_route=\/wp\/v2\/pages\/1534","targetHints":{"allow":["GET"]}}],"collection":[{"href":"https:\/\/7cinquante.com\/index.php?rest_route=\/wp\/v2\/pages"}],"about":[{"href":"https:\/\/7cinquante.com\/index.php?rest_route=\/wp\/v2\/types\/page"}],"author":[{"embeddable":true,"href":"https:\/\/7cinquante.com\/index.php?rest_route=\/wp\/v2\/users\/1"}],"replies":[{"embeddable":true,"href":"https:\/\/7cinquante.com\/index.php?rest_route=%2Fwp%2Fv2%2Fcomments&post=1534"}],"version-history":[{"count":4,"href":"https:\/\/7cinquante.com\/index.php?rest_route=\/wp\/v2\/pages\/1534\/revisions"}],"predecessor-version":[{"id":1695,"href":"https:\/\/7cinquante.com\/index.php?rest_route=\/wp\/v2\/pages\/1534\/revisions\/1695"}],"wp:attachment":[{"href":"https:\/\/7cinquante.com\/index.php?rest_route=%2Fwp%2Fv2%2Fmedia&parent=1534"}],"curies":[{"name":"wp","href":"https:\/\/api.w.org\/{rel}","templated":true}]}}