{"id":1579,"date":"2024-05-09T17:15:16","date_gmt":"2024-05-09T15:15:16","guid":{"rendered":"https:\/\/7cinquante.com\/?page_id=1579"},"modified":"2025-06-11T14:22:27","modified_gmt":"2025-06-11T12:22:27","slug":"calpxpert","status":"publish","type":"page","link":"https:\/\/7cinquante.com\/?page_id=1579","title":{"rendered":"DIGI-PACK"},"content":{"rendered":"\t\t<div data-elementor-type=\"wp-page\" data-elementor-id=\"1579\" class=\"elementor elementor-1579\">\n\t\t\t\t\t\t<section class=\"elementor-section elementor-top-section elementor-element elementor-element-de9ae21 elementor-section-boxed elementor-section-height-default elementor-section-height-default\" data-id=\"de9ae21\" data-element_type=\"section\">\n\t\t\t\t\t\t<div class=\"elementor-container elementor-column-gap-default\">\n\t\t\t\t\t<div class=\"elementor-column elementor-col-100 elementor-top-column elementor-element elementor-element-2ce77b7\" data-id=\"2ce77b7\" data-element_type=\"column\">\n\t\t\t<div class=\"elementor-widget-wrap elementor-element-populated\">\n\t\t\t\t\t\t<section class=\"elementor-section elementor-inner-section elementor-element elementor-element-ff4812b elementor-section-boxed elementor-section-height-default elementor-section-height-default\" data-id=\"ff4812b\" data-element_type=\"section\">\n\t\t\t\t\t\t<div class=\"elementor-container elementor-column-gap-default\">\n\t\t\t\t\t<div class=\"elementor-column elementor-col-50 elementor-inner-column elementor-element elementor-element-de69ae7\" data-id=\"de69ae7\" data-element_type=\"column\">\n\t\t\t<div class=\"elementor-widget-wrap elementor-element-populated\">\n\t\t\t\t\t\t<div class=\"elementor-element elementor-element-9f2d2fe elementor-widget elementor-widget-image\" data-id=\"9f2d2fe\" data-element_type=\"widget\" data-widget_type=\"image.default\">\n\t\t\t\t<div class=\"elementor-widget-container\">\n\t\t\t\t\t\t\t\t\t\t\t\t\t\t\t<img decoding=\"async\" src=\"https:\/\/7cinquante.com\/wp-content\/uploads\/elementor\/thumbs\/cropped-logo_main_square_fav_ic-pgx4hoiwzudgb2z4zrr3ngr9tsd8nvbl8pfbs7vt0u.png\" title=\"cropped-logo_main_square_fav_ic.png\" alt=\"cropped-logo_main_square_fav_ic.png\" loading=\"lazy\" \/>\t\t\t\t\t\t\t\t\t\t\t\t\t\t\t<\/div>\n\t\t\t\t<\/div>\n\t\t\t\t\t<\/div>\n\t\t<\/div>\n\t\t\t\t<div class=\"elementor-column elementor-col-50 elementor-inner-column elementor-element elementor-element-c25dc24\" data-id=\"c25dc24\" data-element_type=\"column\">\n\t\t\t<div class=\"elementor-widget-wrap elementor-element-populated\">\n\t\t\t\t\t\t<div class=\"elementor-element elementor-element-8e185fb elementor-widget elementor-widget-heading\" data-id=\"8e185fb\" data-element_type=\"widget\" data-widget_type=\"heading.default\">\n\t\t\t\t<div class=\"elementor-widget-container\">\n\t\t\t\t\t<h2 class=\"elementor-heading-title elementor-size-default\">Digi-Pack un partenariat Industriel entre \nSt\u00e9riservices et Sept Cinquante<\/h2>\t\t\t\t<\/div>\n\t\t\t\t<\/div>\n\t\t\t\t\t<\/div>\n\t\t<\/div>\n\t\t\t\t\t<\/div>\n\t\t<\/section>\n\t\t\t\t\t<\/div>\n\t\t<\/div>\n\t\t\t\t\t<\/div>\n\t\t<\/section>\n\t\t\t\t<section class=\"elementor-section elementor-top-section elementor-element elementor-element-b8ac353 elementor-section-boxed elementor-section-height-default elementor-section-height-default\" data-id=\"b8ac353\" data-element_type=\"section\">\n\t\t\t\t\t\t<div class=\"elementor-container elementor-column-gap-default\">\n\t\t\t\t\t<div class=\"elementor-column elementor-col-100 elementor-top-column elementor-element elementor-element-4edf52b\" data-id=\"4edf52b\" data-element_type=\"column\">\n\t\t\t<div class=\"elementor-widget-wrap\">\n\t\t\t\t\t\t\t<\/div>\n\t\t<\/div>\n\t\t\t\t\t<\/div>\n\t\t<\/section>\n\t\t\t\t<section class=\"elementor-section elementor-top-section elementor-element elementor-element-0717f61 elementor-section-boxed elementor-section-height-default elementor-section-height-default\" data-id=\"0717f61\" data-element_type=\"section\">\n\t\t\t\t\t\t<div class=\"elementor-container elementor-column-gap-default\">\n\t\t\t\t\t<div class=\"elementor-column elementor-col-100 elementor-top-column elementor-element elementor-element-94e6646\" data-id=\"94e6646\" data-element_type=\"column\">\n\t\t\t<div class=\"elementor-widget-wrap elementor-element-populated\">\n\t\t\t\t\t\t<section class=\"elementor-section elementor-inner-section elementor-element elementor-element-19e1789 elementor-section-boxed elementor-section-height-default elementor-section-height-default\" data-id=\"19e1789\" data-element_type=\"section\">\n\t\t\t\t\t\t<div class=\"elementor-container elementor-column-gap-default\">\n\t\t\t\t\t<div class=\"elementor-column elementor-col-50 elementor-inner-column elementor-element elementor-element-1456b8e\" data-id=\"1456b8e\" data-element_type=\"column\">\n\t\t\t<div class=\"elementor-widget-wrap elementor-element-populated\">\n\t\t\t\t\t\t<div class=\"elementor-element elementor-element-8bba81f elementor-widget elementor-widget-image\" data-id=\"8bba81f\" data-element_type=\"widget\" data-settings=\"{&quot;element_pack_widget_tooltip_text&quot;:&quot;Cliquer sur l&#039;image pour essayer la d\\u00e9monstration \\nGratuitement&quot;,&quot;element_pack_widget_tooltip&quot;:&quot;yes&quot;,&quot;element_pack_widget_tooltip_animation&quot;:&quot;scale&quot;,&quot;element_pack_widget_tooltip_arrow&quot;:&quot;yes&quot;,&quot;element_pack_widget_tooltip_x_offset&quot;:{&quot;unit&quot;:&quot;px&quot;,&quot;size&quot;:&quot;&quot;,&quot;sizes&quot;:[]},&quot;element_pack_widget_tooltip_y_offset&quot;:{&quot;unit&quot;:&quot;px&quot;,&quot;size&quot;:&quot;&quot;,&quot;sizes&quot;:[]}}\" data-widget_type=\"image.default\">\n\t\t\t\t<div class=\"elementor-widget-container\">\n\t\t\t\t\t\t\t\t\t\t\t\t\t\t\t<img fetchpriority=\"high\" decoding=\"async\" width=\"1024\" height=\"1024\" src=\"https:\/\/7cinquante.com\/wp-content\/uploads\/2024\/05\/DALL\u00b7E-2024-05-09-16.51.45-Logo-design-for-DIGI-PACK-a-tech-startup.-The-logo-features-an-abstract-icon-that-combines-digital-elements-like-pixels-or-circuits-with-a-gear-or-.webp\" class=\"attachment-large size-large wp-image-1583\" alt=\"\" srcset=\"https:\/\/7cinquante.com\/wp-content\/uploads\/2024\/05\/DALL\u00b7E-2024-05-09-16.51.45-Logo-design-for-DIGI-PACK-a-tech-startup.-The-logo-features-an-abstract-icon-that-combines-digital-elements-like-pixels-or-circuits-with-a-gear-or-.webp 1024w, https:\/\/7cinquante.com\/wp-content\/uploads\/2024\/05\/DALL\u00b7E-2024-05-09-16.51.45-Logo-design-for-DIGI-PACK-a-tech-startup.-The-logo-features-an-abstract-icon-that-combines-digital-elements-like-pixels-or-circuits-with-a-gear-or--300x300.webp 300w, https:\/\/7cinquante.com\/wp-content\/uploads\/2024\/05\/DALL\u00b7E-2024-05-09-16.51.45-Logo-design-for-DIGI-PACK-a-tech-startup.-The-logo-features-an-abstract-icon-that-combines-digital-elements-like-pixels-or-circuits-with-a-gear-or--150x150.webp 150w, https:\/\/7cinquante.com\/wp-content\/uploads\/2024\/05\/DALL\u00b7E-2024-05-09-16.51.45-Logo-design-for-DIGI-PACK-a-tech-startup.-The-logo-features-an-abstract-icon-that-combines-digital-elements-like-pixels-or-circuits-with-a-gear-or--768x768.webp 768w\" sizes=\"(max-width: 1024px) 100vw, 1024px\" \/>\t\t\t\t\t\t\t\t\t\t\t\t\t\t\t<\/div>\n\t\t\t\t<\/div>\n\t\t\t\t\t<\/div>\n\t\t<\/div>\n\t\t\t\t<div class=\"elementor-column elementor-col-50 elementor-inner-column elementor-element elementor-element-1510f34\" data-id=\"1510f34\" data-element_type=\"column\">\n\t\t\t<div class=\"elementor-widget-wrap elementor-element-populated\">\n\t\t\t\t\t\t<div class=\"elementor-element elementor-element-3167c51 elementor-widget elementor-widget-heading\" data-id=\"3167c51\" data-element_type=\"widget\" data-widget_type=\"heading.default\">\n\t\t\t\t<div class=\"elementor-widget-container\">\n\t\t\t\t\t<h6 class=\"elementor-heading-title elementor-size-medium\"><div style=\"text-align: start\"><span style=\"font-family: var( --e-global-typography-secondary-font-family ), Sans-serif;font-weight: var( --e-global-typography-secondary-font-weight );letter-spacing: var(--the7-h6-letter-spacing);text-transform: var(--the7-h6-text-transform)\">DIGI-PACK syst\u00e8me int\u00e9gr\u00e9 de gestion et de suivi de production (SIGP<\/span><span style=\"font-family: var( --e-global-typography-secondary-font-family ), Sans-serif;font-weight: var( --e-global-typography-secondary-font-weight );letter-spacing: var(--the7-h6-letter-spacing);text-transform: var(--the7-h6-text-transform)\">)<\/span><span style=\"font-family: var( --e-global-typography-secondary-font-family ), Sans-serif;font-weight: var( --e-global-typography-secondary-font-weight );letter-spacing: var(--the7-h6-letter-spacing);text-transform: var(--the7-h6-text-transform)\"><\/span><\/div><\/h6>\t\t\t\t<\/div>\n\t\t\t\t<\/div>\n\t\t\t\t<div class=\"elementor-element elementor-element-444d110 elementor-widget elementor-widget-text-editor\" data-id=\"444d110\" data-element_type=\"widget\" data-widget_type=\"text-editor.default\">\n\t\t\t\t<div class=\"elementor-widget-container\">\n\t\t\t\t\t\t\t\t\t<p>Digi-Pack est un SIGP, un syst\u00e8me int\u00e9gr\u00e9 de gestion de production.\u00a0<br \/>D\u00e9velopp\u00e9 pour les besoins d&rsquo;une entreprise qui conditionne des dispositifs m\u00e9dicaux, il r\u00e9pond \u00e0 tous les crit\u00e8res d&rsquo;exigence de cr\u00e9ation de nomenclature, de gamme de production , de gamme de contr\u00f4le. Il impl\u00e9mente des technologies innovantes, permet une tra\u00e7abilit\u00e9 et un suivi complet de l&rsquo;ensemble du processus. D\u00e9velopp\u00e9 sous forme d&rsquo;API, d&rsquo;expertise m\u00e9tier , avec son interface sp\u00e9cialis\u00e9e, il est inter-op\u00e9rable et totalement configurable pour s&rsquo;adapter \u00e0 votre m\u00e9tier.\u00a0\u00a0<\/p>\t\t\t\t\t\t\t\t<\/div>\n\t\t\t\t<\/div>\n\t\t\t\t<div class=\"elementor-element elementor-element-3c76558 elementor-widget elementor-widget-heading\" data-id=\"3c76558\" data-element_type=\"widget\" data-widget_type=\"heading.default\">\n\t\t\t\t<div class=\"elementor-widget-container\">\n\t\t\t\t\t<h6 class=\"elementor-heading-title elementor-size-default\">Fonctionalit\u00e9s de base <\/h6>\t\t\t\t<\/div>\n\t\t\t\t<\/div>\n\t\t\t\t<div class=\"elementor-element elementor-element-6644f6d elementor-widget elementor-widget-text-editor\" data-id=\"6644f6d\" data-element_type=\"widget\" data-widget_type=\"text-editor.default\">\n\t\t\t\t<div class=\"elementor-widget-container\">\n\t\t\t\t\t\t\t\t\t<p>&#8211; gestion des fiches produit , avec gestion de stocks, num\u00e9ro de lot, date d&rsquo;expiration &#8230;<br \/>&#8211; Identification par RFID<br \/>&#8211; Nomenclature de production<br \/>&#8211; Gamme de production<br \/>&#8211; Gamme de contr\u00f4le\u00a0<br \/>&#8211; suivi de flux et de processus par Qrcode<br \/>&#8211; analyse temps r\u00e9el\u00a0<\/p><p>&#8211; gestion native du suivi\u00a0 des variables de production des automates programmables<\/p>\t\t\t\t\t\t\t\t<\/div>\n\t\t\t\t<\/div>\n\t\t\t\t\t<\/div>\n\t\t<\/div>\n\t\t\t\t\t<\/div>\n\t\t<\/section>\n\t\t\t\t\t<\/div>\n\t\t<\/div>\n\t\t\t\t\t<\/div>\n\t\t<\/section>\n\t\t\t\t<section class=\"elementor-section elementor-top-section elementor-element elementor-element-148a1e4 elementor-section-boxed elementor-section-height-default elementor-section-height-default\" data-id=\"148a1e4\" data-element_type=\"section\">\n\t\t\t\t\t\t<div class=\"elementor-container elementor-column-gap-default\">\n\t\t\t\t\t<div class=\"elementor-column elementor-col-100 elementor-top-column elementor-element elementor-element-6e17b1b\" data-id=\"6e17b1b\" data-element_type=\"column\">\n\t\t\t<div class=\"elementor-widget-wrap elementor-element-populated\">\n\t\t\t\t\t\t<div class=\"elementor-element elementor-element-541027c elementor-widget elementor-widget-heading\" data-id=\"541027c\" data-element_type=\"widget\" data-widget_type=\"heading.default\">\n\t\t\t\t<div class=\"elementor-widget-container\">\n\t\t\t\t\t<h2 class=\"elementor-heading-title elementor-size-default\"><strong>Le d\u00e9veloppement de la gestion du suivi&nbsp; des variables de production des automates programmables, a b\u00e9n\u00e9fici\u00e9 du concours financier de la R\u00e9gion Normandie<\/strong><\/h2>\t\t\t\t<\/div>\n\t\t\t\t<\/div>\n\t\t\t\t\t<\/div>\n\t\t<\/div>\n\t\t\t\t\t<\/div>\n\t\t<\/section>\n\t\t\t\t<section class=\"elementor-section elementor-top-section elementor-element elementor-element-d3d9672 elementor-section-boxed elementor-section-height-default elementor-section-height-default\" data-id=\"d3d9672\" data-element_type=\"section\">\n\t\t\t\t\t\t<div class=\"elementor-container elementor-column-gap-default\">\n\t\t\t\t\t<div class=\"elementor-column elementor-col-100 elementor-top-column elementor-element elementor-element-c39247b\" data-id=\"c39247b\" data-element_type=\"column\">\n\t\t\t<div class=\"elementor-widget-wrap elementor-element-populated\">\n\t\t\t\t\t\t<div class=\"elementor-element elementor-element-c668a5c elementor-widget elementor-widget-image\" data-id=\"c668a5c\" data-element_type=\"widget\" data-widget_type=\"image.default\">\n\t\t\t\t<div class=\"elementor-widget-container\">\n\t\t\t\t\t\t\t\t\t\t\t\t\t\t\t<img decoding=\"async\" width=\"1024\" height=\"246\" src=\"https:\/\/7cinquante.com\/wp-content\/uploads\/2025\/06\/logo_r.normandie-paysage-cmjn_0-1024x246.jpg\" class=\"attachment-large size-large wp-image-1763\" alt=\"R\u00e9gion Normandie\" srcset=\"https:\/\/7cinquante.com\/wp-content\/uploads\/2025\/06\/logo_r.normandie-paysage-cmjn_0-1024x246.jpg 1024w, https:\/\/7cinquante.com\/wp-content\/uploads\/2025\/06\/logo_r.normandie-paysage-cmjn_0-300x72.jpg 300w, https:\/\/7cinquante.com\/wp-content\/uploads\/2025\/06\/logo_r.normandie-paysage-cmjn_0-768x184.jpg 768w, https:\/\/7cinquante.com\/wp-content\/uploads\/2025\/06\/logo_r.normandie-paysage-cmjn_0.jpg 1200w\" sizes=\"(max-width: 1024px) 100vw, 1024px\" \/>\t\t\t\t\t\t\t\t\t\t\t\t\t\t\t<\/div>\n\t\t\t\t<\/div>\n\t\t\t\t\t<\/div>\n\t\t<\/div>\n\t\t\t\t\t<\/div>\n\t\t<\/section>\n\t\t\t\t<section class=\"elementor-section elementor-top-section elementor-element elementor-element-b0d6e36 elementor-section-boxed elementor-section-height-default elementor-section-height-default\" data-id=\"b0d6e36\" data-element_type=\"section\">\n\t\t\t\t\t\t<div class=\"elementor-container elementor-column-gap-default\">\n\t\t\t\t\t<div class=\"elementor-column elementor-col-100 elementor-top-column elementor-element elementor-element-b35db72\" data-id=\"b35db72\" data-element_type=\"column\">\n\t\t\t<div class=\"elementor-widget-wrap elementor-element-populated\">\n\t\t\t\t\t\t<div class=\"elementor-element elementor-element-28de4be elementor-widget elementor-widget-heading\" data-id=\"28de4be\" data-element_type=\"widget\" data-widget_type=\"heading.default\">\n\t\t\t\t<div class=\"elementor-widget-container\">\n\t\t\t\t\t<h2 class=\"elementor-heading-title elementor-size-default\">Fonctionalit\u00e9s , parcourer la carte mentale pour les d\u00e9couvrir   <\/h2>\t\t\t\t<\/div>\n\t\t\t\t<\/div>\n\t\t\t\t<div class=\"elementor-element elementor-element-7ffc2bc elementor-widget elementor-widget-html\" data-id=\"7ffc2bc\" data-element_type=\"widget\" data-widget_type=\"html.default\">\n\t\t\t\t<div class=\"elementor-widget-container\">\n\t\t\t\t\t<iframe src=\"https:\/\/xmind.app\/embed\/XcEfN2\" width=\"900px\" height=\"540px\" frameborder=\"0\" scrolling=\"no\"><\/iframe>\t\t\t\t<\/div>\n\t\t\t\t<\/div>\n\t\t\t\t\t<\/div>\n\t\t<\/div>\n\t\t\t\t\t<\/div>\n\t\t<\/section>\n\t\t\t\t<\/div>\n\t\t","protected":false},"excerpt":{"rendered":"<p>Digi-Pack un partenariat Industriel entre St\u00e9riservices et Sept Cinquante DIGI-PACK syst\u00e8me int\u00e9gr\u00e9 de gestion et de suivi de production (SIGP) Digi-Pack est un SIGP, un syst\u00e8me int\u00e9gr\u00e9 de gestion de production.\u00a0D\u00e9velopp\u00e9 pour les besoins d&rsquo;une entreprise qui conditionne des dispositifs m\u00e9dicaux, il r\u00e9pond \u00e0 tous les crit\u00e8res d&rsquo;exigence de cr\u00e9ation de nomenclature, de gamme de&hellip;<\/p>\n","protected":false},"author":1,"featured_media":0,"parent":0,"menu_order":0,"comment_status":"closed","ping_status":"closed","template":"","meta":{"_exactmetrics_skip_tracking":false,"_exactmetrics_sitenote_active":false,"_exactmetrics_sitenote_note":"","_exactmetrics_sitenote_category":0,"footnotes":""},"class_list":["post-1579","page","type-page","status-publish","hentry"],"_links":{"self":[{"href":"https:\/\/7cinquante.com\/index.php?rest_route=\/wp\/v2\/pages\/1579","targetHints":{"allow":["GET"]}}],"collection":[{"href":"https:\/\/7cinquante.com\/index.php?rest_route=\/wp\/v2\/pages"}],"about":[{"href":"https:\/\/7cinquante.com\/index.php?rest_route=\/wp\/v2\/types\/page"}],"author":[{"embeddable":true,"href":"https:\/\/7cinquante.com\/index.php?rest_route=\/wp\/v2\/users\/1"}],"replies":[{"embeddable":true,"href":"https:\/\/7cinquante.com\/index.php?rest_route=%2Fwp%2Fv2%2Fcomments&post=1579"}],"version-history":[{"count":3,"href":"https:\/\/7cinquante.com\/index.php?rest_route=\/wp\/v2\/pages\/1579\/revisions"}],"predecessor-version":[{"id":1769,"href":"https:\/\/7cinquante.com\/index.php?rest_route=\/wp\/v2\/pages\/1579\/revisions\/1769"}],"wp:attachment":[{"href":"https:\/\/7cinquante.com\/index.php?rest_route=%2Fwp%2Fv2%2Fmedia&parent=1579"}],"curies":[{"name":"wp","href":"https:\/\/api.w.org\/{rel}","templated":true}]}}