{"id":1619,"date":"2024-05-10T14:55:07","date_gmt":"2024-05-10T12:55:07","guid":{"rendered":"https:\/\/7cinquante.com\/?page_id=1619"},"modified":"2024-05-11T10:54:48","modified_gmt":"2024-05-11T08:54:48","slug":"digi-pack","status":"publish","type":"page","link":"https:\/\/7cinquante.com\/?page_id=1619","title":{"rendered":"SOLUTIONS LOGICIELLES"},"content":{"rendered":"\t\t<div data-elementor-type=\"wp-page\" data-elementor-id=\"1619\" class=\"elementor elementor-1619\">\n\t\t\t\t\t\t<section class=\"elementor-section elementor-top-section elementor-element elementor-element-de9ae21 elementor-section-boxed elementor-section-height-default elementor-section-height-default\" data-id=\"de9ae21\" data-element_type=\"section\">\n\t\t\t\t\t\t<div class=\"elementor-container elementor-column-gap-default\">\n\t\t\t\t\t<div class=\"elementor-column elementor-col-100 elementor-top-column elementor-element elementor-element-2ce77b7\" data-id=\"2ce77b7\" data-element_type=\"column\">\n\t\t\t<div class=\"elementor-widget-wrap elementor-element-populated\">\n\t\t\t\t\t\t<section class=\"elementor-section elementor-inner-section elementor-element elementor-element-ff4812b elementor-section-boxed elementor-section-height-default elementor-section-height-default\" data-id=\"ff4812b\" data-element_type=\"section\">\n\t\t\t\t\t\t<div class=\"elementor-container elementor-column-gap-default\">\n\t\t\t\t\t<div class=\"elementor-column elementor-col-50 elementor-inner-column elementor-element elementor-element-de69ae7\" data-id=\"de69ae7\" data-element_type=\"column\">\n\t\t\t<div class=\"elementor-widget-wrap elementor-element-populated\">\n\t\t\t\t\t\t<div class=\"elementor-element elementor-element-9f2d2fe elementor-widget elementor-widget-image\" data-id=\"9f2d2fe\" data-element_type=\"widget\" data-widget_type=\"image.default\">\n\t\t\t\t<div class=\"elementor-widget-container\">\n\t\t\t\t\t\t\t\t\t\t\t\t\t\t\t<img decoding=\"async\" src=\"https:\/\/7cinquante.com\/wp-content\/uploads\/elementor\/thumbs\/cropped-logo_main_square_fav_ic-pgx4hoiwzudgb2z4zrr3ngr9tsd8nvbl8pfbs7vt0u.png\" title=\"cropped-logo_main_square_fav_ic.png\" alt=\"cropped-logo_main_square_fav_ic.png\" loading=\"lazy\" \/>\t\t\t\t\t\t\t\t\t\t\t\t\t\t\t<\/div>\n\t\t\t\t<\/div>\n\t\t\t\t\t<\/div>\n\t\t<\/div>\n\t\t\t\t<div class=\"elementor-column elementor-col-50 elementor-inner-column elementor-element elementor-element-c25dc24\" data-id=\"c25dc24\" data-element_type=\"column\">\n\t\t\t<div class=\"elementor-widget-wrap elementor-element-populated\">\n\t\t\t\t\t\t<div class=\"elementor-element elementor-element-21b95c5 elementor-widget elementor-widget-heading\" data-id=\"21b95c5\" data-element_type=\"widget\" data-widget_type=\"heading.default\">\n\t\t\t\t<div class=\"elementor-widget-container\">\n\t\t\t\t\t<h2 class=\"elementor-heading-title elementor-size-default\">D\u00e9veloppement et Solutions Logicielles<\/h2>\t\t\t\t<\/div>\n\t\t\t\t<\/div>\n\t\t\t\t\t<\/div>\n\t\t<\/div>\n\t\t\t\t\t<\/div>\n\t\t<\/section>\n\t\t\t\t\t<\/div>\n\t\t<\/div>\n\t\t\t\t\t<\/div>\n\t\t<\/section>\n\t\t\t\t<section class=\"elementor-section elementor-top-section elementor-element elementor-element-b8ac353 elementor-section-boxed elementor-section-height-default elementor-section-height-default\" data-id=\"b8ac353\" data-element_type=\"section\">\n\t\t\t\t\t\t<div class=\"elementor-container elementor-column-gap-default\">\n\t\t\t\t\t<div class=\"elementor-column elementor-col-100 elementor-top-column elementor-element elementor-element-4edf52b\" data-id=\"4edf52b\" data-element_type=\"column\">\n\t\t\t<div class=\"elementor-widget-wrap elementor-element-populated\">\n\t\t\t\t\t\t<section class=\"elementor-section elementor-inner-section elementor-element elementor-element-cde89e4 elementor-section-boxed elementor-section-height-default elementor-section-height-default\" data-id=\"cde89e4\" data-element_type=\"section\">\n\t\t\t\t\t\t<div class=\"elementor-container elementor-column-gap-no\">\n\t\t\t\t\t<div class=\"elementor-column elementor-col-50 elementor-inner-column elementor-element elementor-element-a22c3f7\" data-id=\"a22c3f7\" data-element_type=\"column\">\n\t\t\t<div class=\"elementor-widget-wrap elementor-element-populated\">\n\t\t\t\t\t\t<div class=\"elementor-element elementor-element-3d44523 elementor-widget elementor-widget-image\" data-id=\"3d44523\" data-element_type=\"widget\" data-widget_type=\"image.default\">\n\t\t\t\t<div class=\"elementor-widget-container\">\n\t\t\t\t\t\t\t\t\t\t\t\t\t\t\t<img decoding=\"async\" width=\"300\" height=\"120\" src=\"https:\/\/7cinquante.com\/wp-content\/uploads\/2024\/05\/Zebra_Logo_K-300x120.jpg\" class=\"attachment-medium size-medium wp-image-1626\" alt=\"\" srcset=\"https:\/\/7cinquante.com\/wp-content\/uploads\/2024\/05\/Zebra_Logo_K-300x120.jpg 300w, https:\/\/7cinquante.com\/wp-content\/uploads\/2024\/05\/Zebra_Logo_K-1024x411.jpg 1024w, https:\/\/7cinquante.com\/wp-content\/uploads\/2024\/05\/Zebra_Logo_K-768x308.jpg 768w, https:\/\/7cinquante.com\/wp-content\/uploads\/2024\/05\/Zebra_Logo_K.jpg 1285w\" sizes=\"(max-width: 300px) 100vw, 300px\" \/>\t\t\t\t\t\t\t\t\t\t\t\t\t\t\t<\/div>\n\t\t\t\t<\/div>\n\t\t\t\t\t<\/div>\n\t\t<\/div>\n\t\t\t\t<div class=\"elementor-column elementor-col-50 elementor-inner-column elementor-element elementor-element-a07dfa1\" data-id=\"a07dfa1\" data-element_type=\"column\">\n\t\t\t<div class=\"elementor-widget-wrap elementor-element-populated\">\n\t\t\t\t\t\t<div class=\"elementor-element elementor-element-90072b2 elementor-widget elementor-widget-heading\" data-id=\"90072b2\" data-element_type=\"widget\" data-widget_type=\"heading.default\">\n\t\t\t\t<div class=\"elementor-widget-container\">\n\t\t\t\t\t<h2 class=\"elementor-heading-title elementor-size-default\">Partenaire Zebra <\/h2>\t\t\t\t<\/div>\n\t\t\t\t<\/div>\n\t\t\t\t<div class=\"elementor-element elementor-element-b185457 elementor-widget elementor-widget-text-editor\" data-id=\"b185457\" data-element_type=\"widget\" data-widget_type=\"text-editor.default\">\n\t\t\t\t<div class=\"elementor-widget-container\">\n\t\t\t\t\t\t\t\t\t<p>Nous utilisons pour nos d\u00e9veloppements des appareils Zebra, qui r\u00e9pondent parfaitement aux exigences de qualit\u00e9 que nous recherchons pour nos clients.<\/p>\t\t\t\t\t\t\t\t<\/div>\n\t\t\t\t<\/div>\n\t\t\t\t\t<\/div>\n\t\t<\/div>\n\t\t\t\t\t<\/div>\n\t\t<\/section>\n\t\t\t\t\t<\/div>\n\t\t<\/div>\n\t\t\t\t\t<\/div>\n\t\t<\/section>\n\t\t\t\t<section class=\"elementor-section elementor-top-section elementor-element elementor-element-0717f61 elementor-section-boxed elementor-section-height-default elementor-section-height-default\" data-id=\"0717f61\" data-element_type=\"section\">\n\t\t\t\t\t\t<div class=\"elementor-container elementor-column-gap-default\">\n\t\t\t\t\t<div class=\"elementor-column elementor-col-100 elementor-top-column elementor-element elementor-element-94e6646\" data-id=\"94e6646\" data-element_type=\"column\">\n\t\t\t<div class=\"elementor-widget-wrap elementor-element-populated\">\n\t\t\t\t\t\t<section class=\"elementor-section elementor-inner-section elementor-element elementor-element-19e1789 elementor-section-boxed elementor-section-height-default elementor-section-height-default\" data-id=\"19e1789\" data-element_type=\"section\">\n\t\t\t\t\t\t<div class=\"elementor-container elementor-column-gap-default\">\n\t\t\t\t\t<div class=\"elementor-column elementor-col-100 elementor-inner-column elementor-element elementor-element-1510f34\" data-id=\"1510f34\" data-element_type=\"column\">\n\t\t\t<div class=\"elementor-widget-wrap elementor-element-populated\">\n\t\t\t\t\t\t<div class=\"elementor-element elementor-element-3167c51 elementor-widget elementor-widget-heading\" data-id=\"3167c51\" data-element_type=\"widget\" data-widget_type=\"heading.default\">\n\t\t\t\t<div class=\"elementor-widget-container\">\n\t\t\t\t\t<h6 class=\"elementor-heading-title elementor-size-medium\"><div style=\"text-align: start\">Parce que la sp\u00e9cificit\u00e9 de votre m\u00e9tier ne se trouve pas sur une \u00e9tag\u00e8re ! \nNous d\u00e9veloppons ensembles votre solution logicielle. Notre mission!  Un outil qui s'adapte \u00e0 votre m\u00e9tier et pas l'inverse.<span style=\"font-family: var( --e-global-typography-secondary-font-family ), Sans-serif;font-weight: var( --e-global-typography-secondary-font-weight );letter-spacing: var(--the7-h6-letter-spacing);text-transform: var(--the7-h6-text-transform);text-align: center\"><\/span><\/div><\/h6>\t\t\t\t<\/div>\n\t\t\t\t<\/div>\n\t\t\t\t<div class=\"elementor-element elementor-element-6644f6d elementor-widget elementor-widget-text-editor\" data-id=\"6644f6d\" data-element_type=\"widget\" data-widget_type=\"text-editor.default\">\n\t\t\t\t<div class=\"elementor-widget-container\">\n\t\t\t\t\t\t\t\t\t<p>Le d\u00e9veloppement sur mesure de solutions logicielles offre aux entreprises une valeur ajout\u00e9e significative en r\u00e9pondant \u00e0 leur sp\u00e9cificit\u00e9, \u00e0 leur diff\u00e9rence. En am\u00e9liorant la tra\u00e7abilit\u00e9 des produits et mat\u00e9riels, en optimisant les processus de production, et en s\u00e9curisant les proc\u00e9dures op\u00e9rationnelles tous en respectant vos fa\u00e7ons de produire, vous cr\u00e9ez de la valeur pour votre entreprise. Gain temps , meilleurs rendement, anticipation. Ces solutions personnalis\u00e9es permettent de suivre en temps r\u00e9el chaque composant au sein de la cha\u00eene d&rsquo;approvisionnement et de production, minimisent les d\u00e9chets en affinant les flux de travail. De plus, l&rsquo;int\u00e9gration de logiciels sur des terminaux mobiles favorise une meilleure communication et flexibilit\u00e9 op\u00e9rationnelle, augmentant ainsi l&rsquo;efficacit\u00e9 globale et la comp\u00e9titivit\u00e9 de l&rsquo;entreprise.<\/p>\t\t\t\t\t\t\t\t<\/div>\n\t\t\t\t<\/div>\n\t\t\t\t\t<\/div>\n\t\t<\/div>\n\t\t\t\t\t<\/div>\n\t\t<\/section>\n\t\t\t\t\t<\/div>\n\t\t<\/div>\n\t\t\t\t\t<\/div>\n\t\t<\/section>\n\t\t\t\t<section class=\"elementor-section elementor-top-section elementor-element elementor-element-18c1743 elementor-section-boxed elementor-section-height-default elementor-section-height-default\" data-id=\"18c1743\" data-element_type=\"section\">\n\t\t\t\t\t\t<div class=\"elementor-container elementor-column-gap-default\">\n\t\t\t\t\t<div class=\"elementor-column elementor-col-100 elementor-top-column elementor-element elementor-element-d1edc0b\" data-id=\"d1edc0b\" data-element_type=\"column\">\n\t\t\t<div class=\"elementor-widget-wrap elementor-element-populated\">\n\t\t\t\t\t\t<div class=\"elementor-element elementor-element-af7a0c4 elementor-widget elementor-widget-video\" data-id=\"af7a0c4\" data-element_type=\"widget\" data-settings=\"{&quot;video_type&quot;:&quot;hosted&quot;,&quot;autoplay&quot;:&quot;yes&quot;,&quot;play_on_mobile&quot;:&quot;yes&quot;,&quot;loop&quot;:&quot;yes&quot;,&quot;controls&quot;:&quot;yes&quot;}\" data-widget_type=\"video.default\">\n\t\t\t\t<div class=\"elementor-widget-container\">\n\t\t\t\t\t\t\t<div class=\"e-hosted-video elementor-wrapper elementor-open-inline\">\n\t\t\t\t\t<video class=\"elementor-video\" src=\"https:\/\/7cinquante.com\/wp-content\/uploads\/2021\/11\/750-6.mp4\" autoplay=\"\" loop=\"\" controls=\"\" playsinline=\"\" controlsList=\"nodownload\"><\/video>\n\t\t\t\t<\/div>\n\t\t\t\t\t\t<\/div>\n\t\t\t\t<\/div>\n\t\t\t\t\t<\/div>\n\t\t<\/div>\n\t\t\t\t\t<\/div>\n\t\t<\/section>\n\t\t\t\t<\/div>\n\t\t","protected":false},"excerpt":{"rendered":"<p>D\u00e9veloppement et Solutions Logicielles Partenaire Zebra Nous utilisons pour nos d\u00e9veloppements des appareils Zebra, qui r\u00e9pondent parfaitement aux exigences de qualit\u00e9 que nous recherchons pour nos clients. Parce que la sp\u00e9cificit\u00e9 de votre m\u00e9tier ne se trouve pas sur une \u00e9tag\u00e8re ! Nous d\u00e9veloppons ensembles votre solution logicielle. Notre mission! Un outil qui s&rsquo;adapte \u00e0&hellip;<\/p>\n","protected":false},"author":1,"featured_media":0,"parent":0,"menu_order":0,"comment_status":"closed","ping_status":"closed","template":"","meta":{"_exactmetrics_skip_tracking":false,"_exactmetrics_sitenote_active":false,"_exactmetrics_sitenote_note":"","_exactmetrics_sitenote_category":0,"footnotes":""},"class_list":["post-1619","page","type-page","status-publish","hentry"],"_links":{"self":[{"href":"https:\/\/7cinquante.com\/index.php?rest_route=\/wp\/v2\/pages\/1619","targetHints":{"allow":["GET"]}}],"collection":[{"href":"https:\/\/7cinquante.com\/index.php?rest_route=\/wp\/v2\/pages"}],"about":[{"href":"https:\/\/7cinquante.com\/index.php?rest_route=\/wp\/v2\/types\/page"}],"author":[{"embeddable":true,"href":"https:\/\/7cinquante.com\/index.php?rest_route=\/wp\/v2\/users\/1"}],"replies":[{"embeddable":true,"href":"https:\/\/7cinquante.com\/index.php?rest_route=%2Fwp%2Fv2%2Fcomments&post=1619"}],"version-history":[{"count":3,"href":"https:\/\/7cinquante.com\/index.php?rest_route=\/wp\/v2\/pages\/1619\/revisions"}],"predecessor-version":[{"id":1632,"href":"https:\/\/7cinquante.com\/index.php?rest_route=\/wp\/v2\/pages\/1619\/revisions\/1632"}],"wp:attachment":[{"href":"https:\/\/7cinquante.com\/index.php?rest_route=%2Fwp%2Fv2%2Fmedia&parent=1619"}],"curies":[{"name":"wp","href":"https:\/\/api.w.org\/{rel}","templated":true}]}}